{"id":45,"date":"2022-02-16T08:49:18","date_gmt":"2022-02-16T08:49:18","guid":{"rendered":"https:\/\/davidk162.sg-host.com\/allencofluid\/?post_type=product&#038;p=45"},"modified":"2022-03-08T14:05:53","modified_gmt":"2022-03-08T14:05:53","slug":"valves","status":"publish","type":"product","link":"https:\/\/allencofluid.com\/es\/shop\/valves\/","title":{"rendered":"V\u00e1lvulas"},"content":{"rendered":"<h2 class=\"list-content-title\">Disponemos y suministramos las siguientes v\u00e1lvulas:<\/h2>\n<ul>\n<li style=\"text-align: left;\">V\u00e1lvulas de compuerta, globo y retenci\u00f3n, de \u00bd\u201d a 36\u201d, Clase 150-1500, en fundici\u00f3n de acero al carbono, acero inoxidable y aleaciones especiales.<\/li>\n<li style=\"text-align: left;\">V\u00e1lvulas de compuerta, globo y retenci\u00f3n, de \u00bd\u201d a 2\u201d, Clase 150, 300 y 800 en acero forjado al carbono, acero inoxidable y aleaciones especiales.<\/li>\n<li style=\"text-align: left;\">V\u00e1lvulas de bola flotante, de \u00bd\u201d a 10\u201d, Clase 150-300, en fundici\u00f3n de acero al carbono, acero inoxidable y aleaciones especiales.<\/li>\n<li style=\"text-align: left;\">V\u00e1lvulas de bola mu\u00f1\u00f3n, 2\u201d a 36\u201d, Clase 150-2500, en acero al carbono forjado, acero inoxidable y aleaciones especiales.<\/li>\n<li style=\"text-align: left;\">V\u00e1lvulas de compuerta, globo, retenci\u00f3n y bola en bronce y lat\u00f3n, de \u00bd\u201d a 4\u201d, Clase 125, 150 y 300.<\/li>\n<li style=\"text-align: left;\">V\u00e1lvulas mariposa, 2\u201d a 42\u201d, Clase 150, hierro d\u00factil.<\/li>\n<li style=\"text-align: left;\">V\u00e1lvulas de mariposa revestidas de PFA.<\/li>\n<li style=\"text-align: left;\">V\u00e1lvulas de servicio de cloro.<\/li>\n<li style=\"text-align: left;\">V\u00e1lvulas criog\u00e9nicas.<\/li>\n<\/ul>","protected":false},"excerpt":{"rendered":"<p class=\"content-group-text\">AFP tiene una relaci\u00f3n muy larga con dos de los principales fabricantes de valvulas en la industria, KITZ Corporation y Bonney Forge.<\/p>","protected":false},"featured_media":269,"comment_status":"open","ping_status":"closed","template":"valves.php","meta":{"_acf_changed":false},"product_brand":[],"product_cat":[24,23],"product_tag":[],"class_list":{"0":"post-45","1":"product","2":"type-product","3":"status-publish","4":"has-post-thumbnail","6":"product_cat-3-level","7":"product_cat-sb1","8":"entry","10":"first","11":"instock","12":"shipping-taxable","13":"product-type-simple"},"acf":[],"_links":{"self":[{"href":"https:\/\/allencofluid.com\/es\/wp-json\/wp\/v2\/product\/45","targetHints":{"allow":["GET"]}}],"collection":[{"href":"https:\/\/allencofluid.com\/es\/wp-json\/wp\/v2\/product"}],"about":[{"href":"https:\/\/allencofluid.com\/es\/wp-json\/wp\/v2\/types\/product"}],"replies":[{"embeddable":true,"href":"https:\/\/allencofluid.com\/es\/wp-json\/wp\/v2\/comments?post=45"}],"wp:featuredmedia":[{"embeddable":true,"href":"https:\/\/allencofluid.com\/es\/wp-json\/wp\/v2\/media\/269"}],"wp:attachment":[{"href":"https:\/\/allencofluid.com\/es\/wp-json\/wp\/v2\/media?parent=45"}],"wp:term":[{"taxonomy":"product_brand","embeddable":true,"href":"https:\/\/allencofluid.com\/es\/wp-json\/wp\/v2\/product_brand?post=45"},{"taxonomy":"product_cat","embeddable":true,"href":"https:\/\/allencofluid.com\/es\/wp-json\/wp\/v2\/product_cat?post=45"},{"taxonomy":"product_tag","embeddable":true,"href":"https:\/\/allencofluid.com\/es\/wp-json\/wp\/v2\/product_tag?post=45"}],"curies":[{"name":"wp","href":"https:\/\/api.w.org\/{rel}","templated":true}]}}