{"id":47,"date":"2022-02-16T08:49:56","date_gmt":"2022-02-16T08:49:56","guid":{"rendered":"https:\/\/davidk162.sg-host.com\/allencofluid\/?post_type=product&#038;p=47"},"modified":"2022-03-08T10:30:03","modified_gmt":"2022-03-08T10:30:03","slug":"actuators","status":"publish","type":"product","link":"https:\/\/allencofluid.com\/es\/shop\/actuators\/","title":{"rendered":"Actuadores"},"content":{"rendered":"<p class=\"content-group-text\">En el 2013, nuestra empresa estableci\u00f3 una relaci\u00f3n con FLOWBUS, un fabricante de actuadores de alta calidad con sede en Corea del Sur. AFP es la \u00fanico distribuidor de FLOWBUS en las Am\u00e9ricas.<\/p>\n<div class=\"list-content\">\n<ul>\n<li>Actuadores neum\u00e1ticos de pi\u00f1\u00f3n y cremallera<\/li>\n<li>Actuadores neum\u00e1ticos de yugo escoc\u00e9s<\/li>\n<li>Actuadores hidr\u00e1ulicos<\/li>\n<li>Operadores manuales<\/li>\n<\/ul>\n<\/div>\n<p class=\"content-group-text mb-5\">Tambi\u00e9n podemos suministrar paquetes de v\u00e1lvulas automatizadas seg\u00fan las especificaciones del cliente.<\/p>","protected":false},"excerpt":{"rendered":"<p>In 2013, our company established a relationship with FLOWBUS, a high-quality actuator manufacturer based in South Korea. AFP is the only stocking distributor for FLOWBUS in the Americas. Pneumatic rack and pinion actuators. Pneumatic scotch yoke actuators. Hydraulic actuators. Manual overrides. We are also capable of providing automated valve packages per customer specifications.<\/p>","protected":false},"featured_media":194,"comment_status":"open","ping_status":"closed","template":"actuator.php","meta":{"_acf_changed":false},"product_brand":[],"product_cat":[24,23],"product_tag":[],"class_list":{"0":"post-47","1":"product","2":"type-product","3":"status-publish","4":"has-post-thumbnail","6":"product_cat-3-level","7":"product_cat-sb1","8":"entry","10":"first","11":"instock","12":"shipping-taxable","13":"product-type-simple"},"acf":[],"_links":{"self":[{"href":"https:\/\/allencofluid.com\/es\/wp-json\/wp\/v2\/product\/47","targetHints":{"allow":["GET"]}}],"collection":[{"href":"https:\/\/allencofluid.com\/es\/wp-json\/wp\/v2\/product"}],"about":[{"href":"https:\/\/allencofluid.com\/es\/wp-json\/wp\/v2\/types\/product"}],"replies":[{"embeddable":true,"href":"https:\/\/allencofluid.com\/es\/wp-json\/wp\/v2\/comments?post=47"}],"wp:featuredmedia":[{"embeddable":true,"href":"https:\/\/allencofluid.com\/es\/wp-json\/wp\/v2\/media\/194"}],"wp:attachment":[{"href":"https:\/\/allencofluid.com\/es\/wp-json\/wp\/v2\/media?parent=47"}],"wp:term":[{"taxonomy":"product_brand","embeddable":true,"href":"https:\/\/allencofluid.com\/es\/wp-json\/wp\/v2\/product_brand?post=47"},{"taxonomy":"product_cat","embeddable":true,"href":"https:\/\/allencofluid.com\/es\/wp-json\/wp\/v2\/product_cat?post=47"},{"taxonomy":"product_tag","embeddable":true,"href":"https:\/\/allencofluid.com\/es\/wp-json\/wp\/v2\/product_tag?post=47"}],"curies":[{"name":"wp","href":"https:\/\/api.w.org\/{rel}","templated":true}]}}